{"id":811,"date":"2018-05-01T16:59:23","date_gmt":"2018-05-01T15:59:23","guid":{"rendered":"https:\/\/leakbot.captivegrid.com\/?page_id=811"},"modified":"2023-10-18T07:25:52","modified_gmt":"2023-10-18T06:25:52","slug":"privacy-policy","status":"publish","type":"page","link":"https:\/\/leakbot.captivegrid.com\/sv\/privacy-policy\/","title":{"rendered":"(Eng) Privacy Policy"},"content":{"rendered":"<p class=\"qtranxs-available-languages-message qtranxs-available-languages-message-sv\">Tyv\u00e4rr \u00e4r denna artikel enbart tillg\u00e4nglig p\u00e5 <a href=\"https:\/\/leakbot.captivegrid.com\/en\/wp-json\/wp\/v2\/pages\/811\" class=\"qtranxs-available-language-link qtranxs-available-language-link-en\" title=\"Eng\">Eng<\/a>, <a href=\"https:\/\/leakbot.captivegrid.com\/nl\/wp-json\/wp\/v2\/pages\/811\" class=\"qtranxs-available-language-link qtranxs-available-language-link-nl\" title=\"Ned\">Ned<\/a> och <a href=\"https:\/\/leakbot.captivegrid.com\/da\/wp-json\/wp\/v2\/pages\/811\" class=\"qtranxs-available-language-link qtranxs-available-language-link-da\" title=\"Dk\">Dk<\/a>.<\/p>","protected":false},"excerpt":{"rendered":"<p>Tyv\u00e4rr \u00e4r denna artikel enbart tillg\u00e4nglig p\u00e5 Eng, Ned och Dk.<\/p>\n","protected":false},"author":3,"featured_media":0,"parent":0,"menu_order":33,"comment_status":"closed","ping_status":"closed","template":"page-basic.php","meta":{"inline_featured_image":false,"footnotes":""},"class_list":["post-811","page","type-page","status-publish","hentry"],"yoast_head":"<!-- This site is optimized with the Yoast SEO plugin v24.9 - https:\/\/yoast.com\/wordpress\/plugins\/seo\/ -->\n<title>(Eng) Privacy Policy - LeakBot<\/title>\n<meta name=\"robots\" content=\"index, follow, max-snippet:-1, max-image-preview:large, max-video-preview:-1\" \/>\n<link rel=\"canonical\" href=\"https:\/\/leakbot.captivegrid.com\/privacy-policy\/\" \/>\n<meta property=\"og:locale\" content=\"sv_SE\" \/>\n<meta property=\"og:type\" content=\"article\" \/>\n<meta property=\"og:title\" content=\"(Eng) Privacy Policy - LeakBot\" \/>\n<meta property=\"og:description\" content=\"Tyv\u00e4rr \u00e4r denna artikel enbart tillg\u00e4nglig p\u00e5 Eng, Ned och Dk.\" \/>\n<meta property=\"og:url\" content=\"https:\/\/leakbot.captivegrid.com\/privacy-policy\/\" \/>\n<meta property=\"og:site_name\" content=\"LeakBot\" \/>\n<meta property=\"article:modified_time\" content=\"2023-10-18T06:25:52+00:00\" \/>\n<meta name=\"twitter:card\" content=\"summary_large_image\" \/>\n<meta name=\"twitter:site\" content=\"@LeakBot_HQ\" \/>\n<meta name=\"twitter:label1\" content=\"Ber\u00e4knad l\u00e4stid\" \/>\n\t<meta name=\"twitter:data1\" content=\"39 minuter\" \/>\n<script type=\"application\/ld+json\" class=\"yoast-schema-graph\">{\"@context\":\"https:\/\/schema.org\",\"@graph\":[{\"@type\":\"WebPage\",\"@id\":\"https:\/\/leakbot.captivegrid.com\/privacy-policy\/\",\"url\":\"https:\/\/leakbot.captivegrid.com\/privacy-policy\/\",\"name\":\"(Eng) Privacy Policy - LeakBot\",\"isPartOf\":{\"@id\":\"https:\/\/leakbot.captivegrid.com\/#website\"},\"datePublished\":\"2018-05-01T15:59:23+00:00\",\"dateModified\":\"2023-10-18T06:25:52+00:00\",\"breadcrumb\":{\"@id\":\"https:\/\/leakbot.captivegrid.com\/privacy-policy\/#breadcrumb\"},\"inLanguage\":\"sv-SE\",\"potentialAction\":[{\"@type\":\"ReadAction\",\"target\":[\"https:\/\/leakbot.captivegrid.com\/privacy-policy\/\"]}]},{\"@type\":\"BreadcrumbList\",\"@id\":\"https:\/\/leakbot.captivegrid.com\/privacy-policy\/#breadcrumb\",\"itemListElement\":[{\"@type\":\"ListItem\",\"position\":1,\"name\":\"Home\",\"item\":\"https:\/\/leakbot.captivegrid.com\/\"},{\"@type\":\"ListItem\",\"position\":2,\"name\":\"Privacy Policy\"}]},{\"@type\":\"WebSite\",\"@id\":\"https:\/\/leakbot.captivegrid.com\/#website\",\"url\":\"https:\/\/leakbot.captivegrid.com\/\",\"name\":\"LeakBot\",\"description\":\"(Eng) The smart water leak alarm\",\"publisher\":{\"@id\":\"https:\/\/leakbot.captivegrid.com\/#organization\"},\"potentialAction\":[{\"@type\":\"SearchAction\",\"target\":{\"@type\":\"EntryPoint\",\"urlTemplate\":\"https:\/\/leakbot.captivegrid.com\/?s={search_term_string}\"},\"query-input\":{\"@type\":\"PropertyValueSpecification\",\"valueRequired\":true,\"valueName\":\"search_term_string\"}}],\"inLanguage\":\"sv-SE\"},{\"@type\":\"Organization\",\"@id\":\"https:\/\/leakbot.captivegrid.com\/#organization\",\"name\":\"LeakBot\",\"url\":\"https:\/\/leakbot.captivegrid.com\/\",\"logo\":{\"@type\":\"ImageObject\",\"inLanguage\":\"sv-SE\",\"@id\":\"https:\/\/leakbot.captivegrid.com\/#\/schema\/logo\/image\/\",\"url\":\"https:\/\/leakbot.captivegrid.com\/wp-content\/uploads\/2017\/10\/LeakBot_Logo.png\",\"contentUrl\":\"https:\/\/leakbot.captivegrid.com\/wp-content\/uploads\/2017\/10\/LeakBot_Logo.png\",\"width\":466,\"height\":301,\"caption\":\"LeakBot\"},\"image\":{\"@id\":\"https:\/\/leakbot.captivegrid.com\/#\/schema\/logo\/image\/\"},\"sameAs\":[\"https:\/\/x.com\/LeakBot_HQ\",\"https:\/\/www.instagram.com\/leakbot_hq\"]}]}<\/script>\n<!-- \/ Yoast SEO plugin. -->","yoast_head_json":{"title":"(Eng) Privacy Policy - LeakBot","robots":{"index":"index","follow":"follow","max-snippet":"max-snippet:-1","max-image-preview":"max-image-preview:large","max-video-preview":"max-video-preview:-1"},"canonical":"https:\/\/leakbot.captivegrid.com\/privacy-policy\/","og_locale":"sv_SE","og_type":"article","og_title":"(Eng) Privacy Policy - LeakBot","og_description":"Tyv\u00e4rr \u00e4r denna artikel enbart tillg\u00e4nglig p\u00e5 Eng, Ned och Dk.","og_url":"https:\/\/leakbot.captivegrid.com\/privacy-policy\/","og_site_name":"LeakBot","article_modified_time":"2023-10-18T06:25:52+00:00","twitter_card":"summary_large_image","twitter_site":"@LeakBot_HQ","twitter_misc":{"Ber\u00e4knad l\u00e4stid":"39 minuter"},"schema":{"@context":"https:\/\/schema.org","@graph":[{"@type":"WebPage","@id":"https:\/\/leakbot.captivegrid.com\/privacy-policy\/","url":"https:\/\/leakbot.captivegrid.com\/privacy-policy\/","name":"(Eng) Privacy Policy - LeakBot","isPartOf":{"@id":"https:\/\/leakbot.captivegrid.com\/#website"},"datePublished":"2018-05-01T15:59:23+00:00","dateModified":"2023-10-18T06:25:52+00:00","breadcrumb":{"@id":"https:\/\/leakbot.captivegrid.com\/privacy-policy\/#breadcrumb"},"inLanguage":"sv-SE","potentialAction":[{"@type":"ReadAction","target":["https:\/\/leakbot.captivegrid.com\/privacy-policy\/"]}]},{"@type":"BreadcrumbList","@id":"https:\/\/leakbot.captivegrid.com\/privacy-policy\/#breadcrumb","itemListElement":[{"@type":"ListItem","position":1,"name":"Home","item":"https:\/\/leakbot.captivegrid.com\/"},{"@type":"ListItem","position":2,"name":"Privacy Policy"}]},{"@type":"WebSite","@id":"https:\/\/leakbot.captivegrid.com\/#website","url":"https:\/\/leakbot.captivegrid.com\/","name":"LeakBot","description":"(Eng) The smart water leak alarm","publisher":{"@id":"https:\/\/leakbot.captivegrid.com\/#organization"},"potentialAction":[{"@type":"SearchAction","target":{"@type":"EntryPoint","urlTemplate":"https:\/\/leakbot.captivegrid.com\/?s={search_term_string}"},"query-input":{"@type":"PropertyValueSpecification","valueRequired":true,"valueName":"search_term_string"}}],"inLanguage":"sv-SE"},{"@type":"Organization","@id":"https:\/\/leakbot.captivegrid.com\/#organization","name":"LeakBot","url":"https:\/\/leakbot.captivegrid.com\/","logo":{"@type":"ImageObject","inLanguage":"sv-SE","@id":"https:\/\/leakbot.captivegrid.com\/#\/schema\/logo\/image\/","url":"https:\/\/leakbot.captivegrid.com\/wp-content\/uploads\/2017\/10\/LeakBot_Logo.png","contentUrl":"https:\/\/leakbot.captivegrid.com\/wp-content\/uploads\/2017\/10\/LeakBot_Logo.png","width":466,"height":301,"caption":"LeakBot"},"image":{"@id":"https:\/\/leakbot.captivegrid.com\/#\/schema\/logo\/image\/"},"sameAs":["https:\/\/x.com\/LeakBot_HQ","https:\/\/www.instagram.com\/leakbot_hq"]}]}},"_links":{"self":[{"href":"https:\/\/leakbot.captivegrid.com\/sv\/wp-json\/wp\/v2\/pages\/811","targetHints":{"allow":["GET"]}}],"collection":[{"href":"https:\/\/leakbot.captivegrid.com\/sv\/wp-json\/wp\/v2\/pages"}],"about":[{"href":"https:\/\/leakbot.captivegrid.com\/sv\/wp-json\/wp\/v2\/types\/page"}],"author":[{"embeddable":true,"href":"https:\/\/leakbot.captivegrid.com\/sv\/wp-json\/wp\/v2\/users\/3"}],"replies":[{"embeddable":true,"href":"https:\/\/leakbot.captivegrid.com\/sv\/wp-json\/wp\/v2\/comments?post=811"}],"version-history":[{"count":27,"href":"https:\/\/leakbot.captivegrid.com\/sv\/wp-json\/wp\/v2\/pages\/811\/revisions"}],"predecessor-version":[{"id":3620,"href":"https:\/\/leakbot.captivegrid.com\/sv\/wp-json\/wp\/v2\/pages\/811\/revisions\/3620"}],"wp:attachment":[{"href":"https:\/\/leakbot.captivegrid.com\/sv\/wp-json\/wp\/v2\/media?parent=811"}],"curies":[{"name":"wp","href":"https:\/\/api.w.org\/{rel}","templated":true}]}}